{"id":864,"date":"2026-01-09T13:06:31","date_gmt":"2026-01-09T13:06:31","guid":{"rendered":"https:\/\/dev.pits-nl.com\/?page_id=864"},"modified":"2026-04-22T19:57:53","modified_gmt":"2026-04-22T19:57:53","slug":"dienst-installatie-instructie","status":"publish","type":"page","link":"https:\/\/pits-nl.com\/?page_id=864","title":{"rendered":"Dienst: installatie"},"content":{"rendered":"\n<div class=\"wp-block-columns alignwide is-layout-flex wp-container-core-columns-is-layout-28f84493 wp-block-columns-is-layout-flex\">\n<div class=\"wp-block-column is-layout-flow wp-block-column-is-layout-flow\">\n<p class=\"has-custom-color-4-color has-text-color has-link-color has-large-font-size wp-elements-3e53fc5e738ad662b3a292d0f21f7157\"><strong>installatie<\/strong><\/p>\n\n\n\n<p class=\"has-medium-font-size\">Wereldwijd installeren we machines voor klanten in uiteenlopende sectoren. Door de jaren heen hebben we hierin zoveel ervaring opgebouwd dat machine-installatie echt \u00e9\u00e9n van onze specialismen is geworden. Hoogwaardige machines van gerenommeerde fabrikanten zoals Bielomatik, E.C.H. Will, Kugler-Womako, H\u00f6rauf, Rijkaart, Sasib, Capway, Rademaker, Kortlever, Rheon, Kolbus, Winkler &amp; D\u00fcnnebier, Halm, Sch\u00f6n, Jagenberg en Polar zijn voor ons vertrouwd werkterrein.<\/p>\n\n\n\n<p class=\"has-medium-font-size\">Idealiter installeren we machines die vooraf door ons zijn ge\u00efnspecteerd en gedemonteerd. Tegelijk begrijpen we dat dit in de praktijk niet altijd mogelijk is. Daarom stemmen we in nauwe samenwerking met de opdrachtgever de staat van de machine en de gewenste planning zorgvuldig af. Zo zorgen we voor een soepel installatieproces en een resultaat waar u op kunt vertrouwen.<\/p>\n<\/div>\n\n\n\n<div class=\"wp-block-column is-layout-flow wp-block-column-is-layout-flow\">\n<figure class=\"wp-block-image size-large\"><img loading=\"lazy\" decoding=\"async\" width=\"768\" height=\"1024\" src=\"https:\/\/pits-nl.com\/wp-content\/uploads\/2026\/01\/IMG_8132-768x1024.jpeg\" alt=\"\" class=\"wp-image-940\" srcset=\"https:\/\/pits-nl.com\/wp-content\/uploads\/2026\/01\/IMG_8132-768x1024.jpeg 768w, https:\/\/pits-nl.com\/wp-content\/uploads\/2026\/01\/IMG_8132-225x300.jpeg 225w, https:\/\/pits-nl.com\/wp-content\/uploads\/2026\/01\/IMG_8132-1152x1536.jpeg 1152w, https:\/\/pits-nl.com\/wp-content\/uploads\/2026\/01\/IMG_8132-1536x2048.jpeg 1536w, https:\/\/pits-nl.com\/wp-content\/uploads\/2026\/01\/IMG_8132-scaled.jpeg 1920w\" sizes=\"auto, (max-width: 768px) 100vw, 768px\" \/><\/figure>\n<\/div>\n<\/div>\n","protected":false},"excerpt":{"rendered":"<p>installatie Wereldwijd installeren we machines voor klanten in uiteenlopende sectoren. Door de jaren heen hebben we hierin zoveel ervaring opgebouwd dat machine-installatie echt \u00e9\u00e9n van onze specialismen is geworden. Hoogwaardige machines van gerenommeerde fabrikanten zoals Bielomatik, E.C.H. Will, Kugler-Womako, H\u00f6rauf, Rijkaart, Sasib, Capway, Rademaker, Kortlever, Rheon, Kolbus, Winkler &amp; D\u00fcnnebier, Halm, Sch\u00f6n, Jagenberg en Polar [&hellip;]<\/p>\n","protected":false},"author":1,"featured_media":0,"parent":0,"menu_order":0,"comment_status":"closed","ping_status":"closed","template":"","meta":{"footnotes":""},"class_list":["post-864","page","type-page","status-publish","hentry"],"_links":{"self":[{"href":"https:\/\/pits-nl.com\/index.php?rest_route=\/wp\/v2\/pages\/864","targetHints":{"allow":["GET"]}}],"collection":[{"href":"https:\/\/pits-nl.com\/index.php?rest_route=\/wp\/v2\/pages"}],"about":[{"href":"https:\/\/pits-nl.com\/index.php?rest_route=\/wp\/v2\/types\/page"}],"author":[{"embeddable":true,"href":"https:\/\/pits-nl.com\/index.php?rest_route=\/wp\/v2\/users\/1"}],"replies":[{"embeddable":true,"href":"https:\/\/pits-nl.com\/index.php?rest_route=%2Fwp%2Fv2%2Fcomments&post=864"}],"version-history":[{"count":8,"href":"https:\/\/pits-nl.com\/index.php?rest_route=\/wp\/v2\/pages\/864\/revisions"}],"predecessor-version":[{"id":1298,"href":"https:\/\/pits-nl.com\/index.php?rest_route=\/wp\/v2\/pages\/864\/revisions\/1298"}],"wp:attachment":[{"href":"https:\/\/pits-nl.com\/index.php?rest_route=%2Fwp%2Fv2%2Fmedia&parent=864"}],"curies":[{"name":"wp","href":"https:\/\/api.w.org\/{rel}","templated":true}]}}